{"id":913,"date":"2021-11-07T21:26:12","date_gmt":"2021-11-08T00:26:12","guid":{"rendered":"https:\/\/conurbaniaparque.com\/?page_id=913"},"modified":"2021-11-10T19:24:50","modified_gmt":"2021-11-10T22:24:50","slug":"comunidad","status":"publish","type":"page","link":"https:\/\/conurbaniaparque.com\/index.php\/comunidad\/","title":{"rendered":"Comunidad"},"content":{"rendered":"\t\t<div data-elementor-type=\"wp-page\" data-elementor-id=\"913\" class=\"elementor elementor-913\" data-elementor-post-type=\"page\">\n\t\t\t\t\t\t<section class=\"elementor-section elementor-top-section elementor-element elementor-element-2dc4555 elementor-section-full_width elementor-section-stretched elementor-section-height-default elementor-section-height-default\" data-id=\"2dc4555\" data-element_type=\"section\" data-settings=\"{&quot;stretch_section&quot;:&quot;section-stretched&quot;,&quot;background_background&quot;:&quot;classic&quot;}\">\n\t\t\t\t\t\t<div class=\"elementor-container elementor-column-gap-no\">\n\t\t\t\t\t<div class=\"elementor-column elementor-col-100 elementor-top-column elementor-element elementor-element-70120da\" data-id=\"70120da\" data-element_type=\"column\">\n\t\t\t<div class=\"elementor-widget-wrap elementor-element-populated\">\n\t\t\t\t\t\t<section class=\"elementor-section elementor-inner-section elementor-element elementor-element-fad30d4 elementor-section-content-middle elementor-section-full_width elementor-section-height-default elementor-section-height-default\" data-id=\"fad30d4\" data-element_type=\"section\">\n\t\t\t\t\t\t<div class=\"elementor-container elementor-column-gap-no\">\n\t\t\t\t\t<div class=\"elementor-column elementor-col-50 elementor-inner-column elementor-element elementor-element-31351ff\" data-id=\"31351ff\" data-element_type=\"column\">\n\t\t\t<div class=\"elementor-widget-wrap elementor-element-populated\">\n\t\t\t\t\t\t<div class=\"elementor-element elementor-element-a806376 elementor-widget elementor-widget-image\" data-id=\"a806376\" data-element_type=\"widget\" data-widget_type=\"image.default\">\n\t\t\t\t<div class=\"elementor-widget-container\">\n\t\t\t\t\t\t\t\t\t\t\t\t\t\t\t<img fetchpriority=\"high\" decoding=\"async\" width=\"2560\" height=\"1707\" src=\"https:\/\/conurbaniaparque.com\/wp-content\/uploads\/2021\/11\/Comunidad-scaled.jpg\" class=\"attachment-full size-full wp-image-915\" alt=\"\" srcset=\"https:\/\/conurbaniaparque.com\/wp-content\/uploads\/2021\/11\/Comunidad-scaled.jpg 2560w, https:\/\/conurbaniaparque.com\/wp-content\/uploads\/2021\/11\/Comunidad-300x200.jpg 300w, https:\/\/conurbaniaparque.com\/wp-content\/uploads\/2021\/11\/Comunidad-1024x683.jpg 1024w, https:\/\/conurbaniaparque.com\/wp-content\/uploads\/2021\/11\/Comunidad-768x512.jpg 768w, https:\/\/conurbaniaparque.com\/wp-content\/uploads\/2021\/11\/Comunidad-1536x1024.jpg 1536w, https:\/\/conurbaniaparque.com\/wp-content\/uploads\/2021\/11\/Comunidad-2048x1365.jpg 2048w, https:\/\/conurbaniaparque.com\/wp-content\/uploads\/2021\/11\/Comunidad-930x620.jpg 930w\" sizes=\"(max-width: 2560px) 100vw, 2560px\" \/>\t\t\t\t\t\t\t\t\t\t\t\t\t\t\t<\/div>\n\t\t\t\t<\/div>\n\t\t\t\t\t<\/div>\n\t\t<\/div>\n\t\t\t\t<div class=\"elementor-column elementor-col-50 elementor-inner-column elementor-element elementor-element-30c83d7\" data-id=\"30c83d7\" data-element_type=\"column\">\n\t\t\t<div class=\"elementor-widget-wrap elementor-element-populated\">\n\t\t\t\t\t\t<div class=\"elementor-element elementor-element-8866e3f elementor-widget elementor-widget-heading\" data-id=\"8866e3f\" data-element_type=\"widget\" data-widget_type=\"heading.default\">\n\t\t\t\t<div class=\"elementor-widget-container\">\n\t\t\t\t\t<h2 class=\"elementor-heading-title elementor-size-default\">Muy pronto vas a poder ser parte<\/h2>\t\t\t\t<\/div>\n\t\t\t\t<\/div>\n\t\t\t\t<div class=\"elementor-element elementor-element-7d06d77 elementor-widget elementor-widget-text-editor\" data-id=\"7d06d77\" data-element_type=\"widget\" data-widget_type=\"text-editor.default\">\n\t\t\t\t<div class=\"elementor-widget-container\">\n\t\t\t\t\t\t\t\t\t<p><span style=\"font-weight: 400;\">El programa de beneficios de Conurbania te permite contar con promociones y descuentos en todas nuestras actividades, tiendas y bar.\u00a0<\/span><\/p><p><span style=\"font-weight: 400;\">La tarjeta es personal e intransferible, s\u00f3lo puede ser utilizada por el titular: siempre que quieras venir a disfrutar del beneficio deber\u00e1s presentar tu tarjeta de Comunidad y una identificaci\u00f3n.<\/span><\/p>\t\t\t\t\t\t\t\t<\/div>\n\t\t\t\t<\/div>\n\t\t\t\t\t<\/div>\n\t\t<\/div>\n\t\t\t\t\t<\/div>\n\t\t<\/section>\n\t\t\t\t\t<\/div>\n\t\t<\/div>\n\t\t\t\t\t<\/div>\n\t\t<\/section>\n\t\t\t\t<\/div>\n\t\t","protected":false},"excerpt":{"rendered":"<p>Muy pronto vas a poder ser parte El programa de beneficios de Conurbania te permite contar con promociones y descuentos en todas nuestras actividades, tiendas y bar.\u00a0 La tarjeta es personal e intransferible, s\u00f3lo puede ser utilizada por el titular: siempre que quieras venir a disfrutar del beneficio deber\u00e1s presentar tu tarjeta de Comunidad y&hellip;&nbsp;<a href=\"https:\/\/conurbaniaparque.com\/index.php\/comunidad\/\" rel=\"bookmark\">Leer m\u00e1s &raquo;<span class=\"screen-reader-text\">Comunidad<\/span><\/a><\/p>\n","protected":false},"author":1,"featured_media":0,"parent":0,"menu_order":0,"comment_status":"closed","ping_status":"closed","template":"","meta":{"neve_meta_sidebar":"","neve_meta_container":"","neve_meta_enable_content_width":"on","neve_meta_content_width":100,"neve_meta_title_alignment":"","neve_meta_author_avatar":"","neve_post_elements_order":"","neve_meta_disable_header":"","neve_meta_disable_footer":"","neve_meta_disable_title":"on","footnotes":""},"class_list":["post-913","page","type-page","status-publish","hentry"],"_links":{"self":[{"href":"https:\/\/conurbaniaparque.com\/index.php\/wp-json\/wp\/v2\/pages\/913","targetHints":{"allow":["GET"]}}],"collection":[{"href":"https:\/\/conurbaniaparque.com\/index.php\/wp-json\/wp\/v2\/pages"}],"about":[{"href":"https:\/\/conurbaniaparque.com\/index.php\/wp-json\/wp\/v2\/types\/page"}],"author":[{"embeddable":true,"href":"https:\/\/conurbaniaparque.com\/index.php\/wp-json\/wp\/v2\/users\/1"}],"replies":[{"embeddable":true,"href":"https:\/\/conurbaniaparque.com\/index.php\/wp-json\/wp\/v2\/comments?post=913"}],"version-history":[{"count":16,"href":"https:\/\/conurbaniaparque.com\/index.php\/wp-json\/wp\/v2\/pages\/913\/revisions"}],"predecessor-version":[{"id":977,"href":"https:\/\/conurbaniaparque.com\/index.php\/wp-json\/wp\/v2\/pages\/913\/revisions\/977"}],"wp:attachment":[{"href":"https:\/\/conurbaniaparque.com\/index.php\/wp-json\/wp\/v2\/media?parent=913"}],"curies":[{"name":"wp","href":"https:\/\/api.w.org\/{rel}","templated":true}]}}